{"id":39,"date":"2024-07-30T04:52:57","date_gmt":"2021-03-09T09:03:37","guid":{"rendered":"https:\/\/pole-emploi.invictus-asso.fr\/index.php\/about-us\/"},"modified":"2024-07-30T04:52:57","modified_gmt":"2021-03-09T09:03:37","slug":"about-us","status":"publish","type":"page","link":"https:\/\/pole-emploi.invictus-asso.fr\/index.php\/about-us\/","title":{"rendered":"About Us"},"content":{"rendered":"\n<p>Here&rsquo;s the most important thing you need to know: <strong>we&rsquo;re more than just a marketing agency<\/strong>. We help small businesses to realize their full growth potential, and we&rsquo;re invested in their success.<\/p>\n\n\n\n<div class=\"wp-block-columns has-gray-background-color has-background is-layout-flex wp-container-core-columns-is-layout-9d6595d7 wp-block-columns-is-layout-flex\">\n<div class=\"wp-block-column is-layout-flow wp-block-column-is-layout-flow\">\n<h4 class=\"wp-block-heading\">Since 2017<\/h4>\n\n\n\n<p>Acme Marketing was founded by Leah Robinson in New York City.<\/p>\n<\/div>\n\n\n\n<div class=\"wp-block-column is-layout-flow wp-block-column-is-layout-flow\">\n<h4 class=\"wp-block-heading\">14 Experts<\/h4>\n\n\n\n<p>We&rsquo;re super proud of our diverse and talented team.<\/p>\n<\/div>\n\n\n\n<div class=\"wp-block-column is-layout-flow wp-block-column-is-layout-flow\">\n<h4 class=\"wp-block-heading\">3 Countries<\/h4>\n\n\n\n<p>We work with hundreds of businesses <strong>just like yours<\/strong>.<\/p>\n<\/div>\n<\/div>\n\n\n\n<blockquote class=\"wp-block-quote is-style-large is-layout-flow wp-block-quote-is-layout-flow\" id=\"output\"><p>Our team is driven by your success. Every single day, we&rsquo;ll support your business and help you to succeed.<\/p><\/blockquote>\n\n\n\n<h2 class=\"has-text-align-center wp-block-heading\">Our History<\/h2>\n\n\n\n<p>Lorem ipsum dolor sit amet, consectetur adipiscing elit, sed do eiusmod tempor incididunt ut labore et dolore magna aliqua. Ut enim ad minim veniam, quis nostrud exercitation ullamco laboris nisi ut aliquip ex ea commodo consequat. Duis aute irure dolor in reprehenderit in voluptate velit esse cillum dolore eu fugiat nulla pariatur. Excepteur sint occaecat cupidatat non proident, sunt in culpa qui officia deserunt mollit anim id est laborum.<\/p>\n\n\n\n<h2 class=\"has-text-align-center wp-block-heading\">Our Promise<\/h2>\n\n\n\n<p>Lorem ipsum dolor sit amet, consectetur adipiscing elit, sed do eiusmod tempor incididunt ut labore et dolore magna aliqua. Ut enim ad minim veniam, quis nostrud exercitation ullamco laboris nisi ut aliquip ex ea commodo consequat. <\/p>\n","protected":false},"excerpt":{"rendered":"<p>Here&rsquo;s the most important thing you need to know: we&rsquo;re more than just a marketing agency. We help small businesses to realize their full growth &hellip; <\/p>\n","protected":false},"author":1,"featured_media":0,"parent":0,"menu_order":0,"comment_status":"closed","ping_status":"closed","template":"","meta":{"footnotes":""},"class_list":["post-39","page","type-page","status-publish","hentry"],"yoast_head":"<!-- This site is optimized with the Yoast SEO plugin v23.3 - https:\/\/yoast.com\/wordpress\/plugins\/seo\/ -->\n<title>About Us - P\u00f4le Emploi<\/title>\n<meta name=\"robots\" content=\"index, follow, max-snippet:-1, max-image-preview:large, max-video-preview:-1\" \/>\n<link rel=\"canonical\" href=\"https:\/\/pole-emploi.invictus-asso.fr\/index.php\/about-us\/\" \/>\n<meta property=\"og:locale\" content=\"fr_FR\" \/>\n<meta property=\"og:type\" content=\"article\" \/>\n<meta property=\"og:title\" content=\"About Us - P\u00f4le Emploi\" \/>\n<meta property=\"og:description\" content=\"Here&rsquo;s the most important thing you need to know: we&rsquo;re more than just a marketing agency. We help small businesses to realize their full\" \/>\n<meta property=\"og:url\" content=\"https:\/\/pole-emploi.invictus-asso.fr\/index.php\/about-us\/\" \/>\n<meta property=\"og:site_name\" content=\"P\u00f4le Emploi\" \/>\n<meta name=\"twitter:card\" content=\"summary_large_image\" \/>\n<meta name=\"twitter:label1\" content=\"Dur\u00e9e de lecture estim\u00e9e\" \/>\n\t<meta name=\"twitter:data1\" content=\"1 minute\" \/>\n<script type=\"application\/ld+json\" class=\"yoast-schema-graph\">{\"@context\":\"https:\/\/schema.org\",\"@graph\":[{\"@type\":\"WebPage\",\"@id\":\"https:\/\/pole-emploi.invictus-asso.fr\/index.php\/about-us\/\",\"url\":\"https:\/\/pole-emploi.invictus-asso.fr\/index.php\/about-us\/\",\"name\":\"About Us - P\u00f4le Emploi\",\"isPartOf\":{\"@id\":\"https:\/\/pole-emploi.invictus-asso.fr\/#website\"},\"datePublished\":\"2021-03-09T09:03:37+00:00\",\"dateModified\":\"2021-03-09T09:03:37+00:00\",\"breadcrumb\":{\"@id\":\"https:\/\/pole-emploi.invictus-asso.fr\/index.php\/about-us\/#breadcrumb\"},\"inLanguage\":\"fr-FR\",\"potentialAction\":[{\"@type\":\"ReadAction\",\"target\":[\"https:\/\/pole-emploi.invictus-asso.fr\/index.php\/about-us\/\"]}]},{\"@type\":\"BreadcrumbList\",\"@id\":\"https:\/\/pole-emploi.invictus-asso.fr\/index.php\/about-us\/#breadcrumb\",\"itemListElement\":[{\"@type\":\"ListItem\",\"position\":1,\"name\":\"Accueil\",\"item\":\"https:\/\/pole-emploi.invictus-asso.fr\/\"},{\"@type\":\"ListItem\",\"position\":2,\"name\":\"About Us\"}]},{\"@type\":\"WebSite\",\"@id\":\"https:\/\/pole-emploi.invictus-asso.fr\/#website\",\"url\":\"https:\/\/pole-emploi.invictus-asso.fr\/\",\"name\":\"P\u00f4le Emploi\",\"description\":\"L&#039;emploi Inclusif centr\u00e9 sur l&#039;humain\",\"publisher\":{\"@id\":\"https:\/\/pole-emploi.invictus-asso.fr\/#organization\"},\"potentialAction\":[{\"@type\":\"SearchAction\",\"target\":{\"@type\":\"EntryPoint\",\"urlTemplate\":\"https:\/\/pole-emploi.invictus-asso.fr\/?s={search_term_string}\"},\"query-input\":\"required name=search_term_string\"}],\"inLanguage\":\"fr-FR\"},{\"@type\":\"Organization\",\"@id\":\"https:\/\/pole-emploi.invictus-asso.fr\/#organization\",\"name\":\"P\u00f4le Emploi\",\"url\":\"https:\/\/pole-emploi.invictus-asso.fr\/\",\"logo\":{\"@type\":\"ImageObject\",\"inLanguage\":\"fr-FR\",\"@id\":\"https:\/\/pole-emploi.invictus-asso.fr\/#\/schema\/logo\/image\/\",\"url\":\"https:\/\/pole-emploi.invictus-asso.fr\/wp-content\/uploads\/2024\/07\/cropped-ms-icon-150x150-1-1.png\",\"contentUrl\":\"https:\/\/pole-emploi.invictus-asso.fr\/wp-content\/uploads\/2024\/07\/cropped-ms-icon-150x150-1-1.png\",\"width\":150,\"height\":150,\"caption\":\"P\u00f4le Emploi\"},\"image\":{\"@id\":\"https:\/\/pole-emploi.invictus-asso.fr\/#\/schema\/logo\/image\/\"}}]}<\/script>\n<!-- \/ Yoast SEO plugin. -->","yoast_head_json":{"title":"About Us - P\u00f4le Emploi","robots":{"index":"index","follow":"follow","max-snippet":"max-snippet:-1","max-image-preview":"max-image-preview:large","max-video-preview":"max-video-preview:-1"},"canonical":"https:\/\/pole-emploi.invictus-asso.fr\/index.php\/about-us\/","og_locale":"fr_FR","og_type":"article","og_title":"About Us - P\u00f4le Emploi","og_description":"Here&rsquo;s the most important thing you need to know: we&rsquo;re more than just a marketing agency. We help small businesses to realize their full","og_url":"https:\/\/pole-emploi.invictus-asso.fr\/index.php\/about-us\/","og_site_name":"P\u00f4le Emploi","twitter_card":"summary_large_image","twitter_misc":{"Dur\u00e9e de lecture estim\u00e9e":"1 minute"},"schema":{"@context":"https:\/\/schema.org","@graph":[{"@type":"WebPage","@id":"https:\/\/pole-emploi.invictus-asso.fr\/index.php\/about-us\/","url":"https:\/\/pole-emploi.invictus-asso.fr\/index.php\/about-us\/","name":"About Us - P\u00f4le Emploi","isPartOf":{"@id":"https:\/\/pole-emploi.invictus-asso.fr\/#website"},"datePublished":"2021-03-09T09:03:37+00:00","dateModified":"2021-03-09T09:03:37+00:00","breadcrumb":{"@id":"https:\/\/pole-emploi.invictus-asso.fr\/index.php\/about-us\/#breadcrumb"},"inLanguage":"fr-FR","potentialAction":[{"@type":"ReadAction","target":["https:\/\/pole-emploi.invictus-asso.fr\/index.php\/about-us\/"]}]},{"@type":"BreadcrumbList","@id":"https:\/\/pole-emploi.invictus-asso.fr\/index.php\/about-us\/#breadcrumb","itemListElement":[{"@type":"ListItem","position":1,"name":"Accueil","item":"https:\/\/pole-emploi.invictus-asso.fr\/"},{"@type":"ListItem","position":2,"name":"About Us"}]},{"@type":"WebSite","@id":"https:\/\/pole-emploi.invictus-asso.fr\/#website","url":"https:\/\/pole-emploi.invictus-asso.fr\/","name":"P\u00f4le Emploi","description":"L&#039;emploi Inclusif centr\u00e9 sur l&#039;humain","publisher":{"@id":"https:\/\/pole-emploi.invictus-asso.fr\/#organization"},"potentialAction":[{"@type":"SearchAction","target":{"@type":"EntryPoint","urlTemplate":"https:\/\/pole-emploi.invictus-asso.fr\/?s={search_term_string}"},"query-input":"required name=search_term_string"}],"inLanguage":"fr-FR"},{"@type":"Organization","@id":"https:\/\/pole-emploi.invictus-asso.fr\/#organization","name":"P\u00f4le Emploi","url":"https:\/\/pole-emploi.invictus-asso.fr\/","logo":{"@type":"ImageObject","inLanguage":"fr-FR","@id":"https:\/\/pole-emploi.invictus-asso.fr\/#\/schema\/logo\/image\/","url":"https:\/\/pole-emploi.invictus-asso.fr\/wp-content\/uploads\/2024\/07\/cropped-ms-icon-150x150-1-1.png","contentUrl":"https:\/\/pole-emploi.invictus-asso.fr\/wp-content\/uploads\/2024\/07\/cropped-ms-icon-150x150-1-1.png","width":150,"height":150,"caption":"P\u00f4le Emploi"},"image":{"@id":"https:\/\/pole-emploi.invictus-asso.fr\/#\/schema\/logo\/image\/"}}]}},"_links":{"self":[{"href":"https:\/\/pole-emploi.invictus-asso.fr\/index.php\/wp-json\/wp\/v2\/pages\/39","targetHints":{"allow":["GET"]}}],"collection":[{"href":"https:\/\/pole-emploi.invictus-asso.fr\/index.php\/wp-json\/wp\/v2\/pages"}],"about":[{"href":"https:\/\/pole-emploi.invictus-asso.fr\/index.php\/wp-json\/wp\/v2\/types\/page"}],"author":[{"embeddable":true,"href":"https:\/\/pole-emploi.invictus-asso.fr\/index.php\/wp-json\/wp\/v2\/users\/1"}],"replies":[{"embeddable":true,"href":"https:\/\/pole-emploi.invictus-asso.fr\/index.php\/wp-json\/wp\/v2\/comments?post=39"}],"version-history":[{"count":0,"href":"https:\/\/pole-emploi.invictus-asso.fr\/index.php\/wp-json\/wp\/v2\/pages\/39\/revisions"}],"wp:attachment":[{"href":"https:\/\/pole-emploi.invictus-asso.fr\/index.php\/wp-json\/wp\/v2\/media?parent=39"}],"curies":[{"name":"wp","href":"https:\/\/api.w.org\/{rel}","templated":true}]}}